{"id":4,"date":"2015-12-30T17:01:51","date_gmt":"2015-12-30T17:01:51","guid":{"rendered":"http:\/\/ninakramer.de\/?page_id=4"},"modified":"2021-02-10T15:51:12","modified_gmt":"2021-02-10T15:51:12","slug":"kostueme","status":"publish","type":"page","link":"https:\/\/kost\u00fcm.ninakramer.de\/","title":{"rendered":"Kost\u00fcmbild"},"content":{"rendered":"\n<p><\/p>\n\n\n\n<blockquote class=\"wp-block-quote is-style-default\"><p>&#8220;Als Kost\u00fcmbildnerin und Gewandmeisterin liegt der Schwerpunkt bei jedem Projekt anders. Ob Film-, Theater-, oder Tanzproduktion, es geht immer darum, das Kost\u00fcm zu finden, welches die Geschichte erz\u00e4hlt oder dem Charakter der Figur entspricht. Die gemeinsame Realisierung im Produktionsalltag ist jedesmal eine Herausforderung. Bei der Anfertigung von Kost\u00fcmen im Atelier erfordern oftmals die Details die gr\u00f6\u00dfte Aufmerksamkeit.&#8221;<\/p><\/blockquote>\n","protected":false},"excerpt":{"rendered":"<p>&#8220;Als Kost\u00fcmbildnerin und Gewandmeisterin liegt der Schwerpunkt bei jedem Projekt anders. Ob Film-, Theater-, oder Tanzproduktion, es geht immer darum, das Kost\u00fcm zu finden, welches die Geschichte erz\u00e4hlt oder dem Charakter der Figur entspricht. Die gemeinsame Realisierung im Produktionsalltag ist jedesmal eine Herausforderung. Bei der Anfertigung von Kost\u00fcmen im Atelier erfordern oftmals die Details die &hellip; <\/p>\n<p class=\"link-more\"><a href=\"https:\/\/kost\u00fcm.ninakramer.de\/\" class=\"more-link\">Continue reading<span class=\"screen-reader-text\"> &#8220;Kost\u00fcmbild&#8221;<\/span><\/a><\/p>\n","protected":false},"author":1,"featured_media":0,"parent":0,"menu_order":0,"comment_status":"closed","ping_status":"closed","template":"","meta":[],"_links":{"self":[{"href":"https:\/\/kost\u00fcm.ninakramer.de\/index.php?rest_route=\/wp\/v2\/pages\/4"}],"collection":[{"href":"https:\/\/kost\u00fcm.ninakramer.de\/index.php?rest_route=\/wp\/v2\/pages"}],"about":[{"href":"https:\/\/kost\u00fcm.ninakramer.de\/index.php?rest_route=\/wp\/v2\/types\/page"}],"author":[{"embeddable":true,"href":"https:\/\/kost\u00fcm.ninakramer.de\/index.php?rest_route=\/wp\/v2\/users\/1"}],"replies":[{"embeddable":true,"href":"https:\/\/kost\u00fcm.ninakramer.de\/index.php?rest_route=%2Fwp%2Fv2%2Fcomments&post=4"}],"version-history":[{"count":32,"href":"https:\/\/kost\u00fcm.ninakramer.de\/index.php?rest_route=\/wp\/v2\/pages\/4\/revisions"}],"predecessor-version":[{"id":311,"href":"https:\/\/kost\u00fcm.ninakramer.de\/index.php?rest_route=\/wp\/v2\/pages\/4\/revisions\/311"}],"wp:attachment":[{"href":"https:\/\/kost\u00fcm.ninakramer.de\/index.php?rest_route=%2Fwp%2Fv2%2Fmedia&parent=4"}],"curies":[{"name":"wp","href":"https:\/\/api.w.org\/{rel}","templated":true}]}}